{"id":14020,"date":"2021-03-18T12:14:29","date_gmt":"2021-03-18T09:14:29","guid":{"rendered":"http:\/\/erkintelekom.com.tr\/tr\/?page_id=14020"},"modified":"2023-04-05T09:45:52","modified_gmt":"2023-04-05T06:45:52","slug":"iletisim","status":"publish","type":"page","link":"http:\/\/erkintelekom.com.tr\/tr\/iletisim\/","title":{"rendered":"\u0130leti\u015fim"},"content":{"rendered":"\t\t<div data-elementor-type=\"wp-page\" data-elementor-id=\"14020\" class=\"elementor elementor-14020\" data-elementor-settings=\"[]\">\n\t\t\t\t\t\t\t<div class=\"elementor-section-wrap\">\n\t\t\t\t\t\t\t<section class=\"elementor-section elementor-top-section elementor-element elementor-element-63116d8 elementor-section-stretched elementor-section-boxed elementor-section-height-default elementor-section-height-default\" data-id=\"63116d8\" data-element_type=\"section\" data-settings=\"{&quot;stretch_section&quot;:&quot;section-stretched&quot;,&quot;background_background&quot;:&quot;video&quot;,&quot;background_video_link&quot;:&quot;https:\\\/\\\/www.youtube.com\\\/watch?v=2kBqZQpF6Ec&quot;}\">\n\t\t\t\t\t\t\t\t<div class=\"elementor-background-video-container elementor-hidden-phone\">\n\t\t\t\t\t\t\t\t\t\t\t\t\t<div class=\"elementor-background-video-embed\"><\/div>\n\t\t\t\t\t\t\t\t\t\t\t\t<\/div>\n\t\t\t\t\t\t\t\t\t<div class=\"elementor-background-overlay\"><\/div>\n\t\t\t\t\t\t\t<div class=\"elementor-container elementor-column-gap-default\">\n\t\t\t\t\t<div class=\"elementor-column elementor-col-100 elementor-top-column elementor-element elementor-element-4cdf065\" data-id=\"4cdf065\" data-element_type=\"column\">\n\t\t\t<div class=\"elementor-widget-wrap elementor-element-populated\">\n\t\t\t\t\t\t\t\t<div class=\"elementor-element elementor-element-ae87603 elementor-widget elementor-widget-pix-sliding-text\" data-id=\"ae87603\" data-element_type=\"widget\" data-widget_type=\"pix-sliding-text.default\">\n\t\t\t\t<div class=\"elementor-widget-container\">\n\t\t\t<div class=\"mb-3 text-center \"><h3 class=\"mb-32 pix-sliding-headline font-weight-bold secondary-font\" data-class=\"secondary-font text-white\" data-style=\"\">Erkin Telekom<\/h3><\/div>\t\t<\/div>\n\t\t\t\t<\/div>\n\t\t\t\t<div class=\"elementor-element elementor-element-8e5a0df elementor-invisible elementor-widget elementor-widget-pix-badge\" data-id=\"8e5a0df\" data-element_type=\"widget\" data-widget_type=\"pix-badge.default\">\n\t\t\t\t<div class=\"elementor-widget-container\">\n\t\t\t<div class=\"pix-element-div w-100 text-center\"><h6 class=\"d-inline-block mr-1 animate-in\" data-anim-type=\"fade-in-up\" data-anim-delay=\"0\"><span class=\"badge font-weight-bold secondary-font bg-light-opacity-2   \" style=\" \"><span class=\"text-white\" style=\"\">Kurulu\u015f 1986<\/span><\/span><\/h6><\/div>\t\t<\/div>\n\t\t\t\t<\/div>\n\t\t\t\t<div class=\"elementor-element elementor-element-db91466 elementor-widget__width-auto elementor-widget elementor-widget-pix-img\" data-id=\"db91466\" data-element_type=\"widget\" data-widget_type=\"pix-img.default\">\n\t\t\t\t<div class=\"elementor-widget-container\">\n\t\t\t<div class=\"d-inline-block \" ><div class=\"   text-left d-inline-block   rounded-0\"  data-jarallax-element=\" \"><img loading=\"lazy\" class=\"card-img2 pix-img-elem rounded-0  h-1002\" style=\"width:180px;height:auto;\" width=\"411\" height=\"75\" srcset=\"http:\/\/erkintelekom.com.tr\/tr\/wp-content\/uploads\/2021\/03\/erkin-1.png 411w, http:\/\/erkintelekom.com.tr\/tr\/wp-content\/uploads\/2021\/03\/erkin-1-300x55.png 300w\" sizes=\"(max-width: 411px) 100vw, 411px\" src=\"http:\/\/erkintelekom.com.tr\/tr\/wp-content\/uploads\/2021\/03\/erkin-1.png\" alt=\"\" \/><\/div><\/div>\t\t<\/div>\n\t\t\t\t<\/div>\n\t\t\t\t\t<\/div>\n\t\t<\/div>\n\t\t\t\t\t\t\t<\/div>\n\t\t<\/section>\n\t\t\t\t<section class=\"elementor-section elementor-top-section elementor-element elementor-element-c65f19d elementor-section-boxed elementor-section-height-default elementor-section-height-default\" data-id=\"c65f19d\" data-element_type=\"section\">\n\t\t\t\t\t\t<div class=\"elementor-container elementor-column-gap-default\">\n\t\t\t\t\t<div class=\"elementor-column elementor-col-100 elementor-top-column elementor-element elementor-element-c8eb9d6\" data-id=\"c8eb9d6\" data-element_type=\"column\">\n\t\t\t<div class=\"elementor-widget-wrap elementor-element-populated\">\n\t\t\t\t\t\t\t\t<section class=\"elementor-section elementor-inner-section elementor-element elementor-element-25ecaf8 elementor-section-boxed elementor-section-height-default elementor-section-height-default\" data-id=\"25ecaf8\" data-element_type=\"section\">\n\t\t\t\t\t\t<div class=\"elementor-container elementor-column-gap-default\">\n\t\t\t\t\t<div class=\"elementor-column elementor-col-25 elementor-inner-column elementor-element elementor-element-ac2467c\" data-id=\"ac2467c\" data-element_type=\"column\">\n\t\t\t<div class=\"elementor-widget-wrap elementor-element-populated\">\n\t\t\t\t\t\t\t\t<div class=\"elementor-element elementor-element-c57d3ba elementor-widget__width-inherit elementor-widget elementor-widget-heading\" data-id=\"c57d3ba\" data-element_type=\"widget\" data-widget_type=\"heading.default\">\n\t\t\t\t<div class=\"elementor-widget-container\">\n\t\t\t<h6 class=\"elementor-heading-title elementor-size-default\"><a href=\"http:\/\/www.erkinbilisim.com.tr\/hakkimizda\">Hakk\u0131m\u0131zda<\/a><\/h6>\t\t<\/div>\n\t\t\t\t<\/div>\n\t\t\t\t\t<\/div>\n\t\t<\/div>\n\t\t\t\t<div class=\"elementor-column elementor-col-25 elementor-inner-column elementor-element elementor-element-3c18b34\" data-id=\"3c18b34\" data-element_type=\"column\">\n\t\t\t<div class=\"elementor-widget-wrap elementor-element-populated\">\n\t\t\t\t\t\t\t\t<div class=\"elementor-element elementor-element-9fd3e26 elementor-widget__width-inherit elementor-widget elementor-widget-heading\" data-id=\"9fd3e26\" data-element_type=\"widget\" data-widget_type=\"heading.default\">\n\t\t\t\t<div class=\"elementor-widget-container\">\n\t\t\t<h6 class=\"elementor-heading-title elementor-size-default\"><a href=\"http:\/\/www.erkinbilisim.com.tr\/misyon-ve-vizyon\">Misyon & Vizyon<\/a><\/h6>\t\t<\/div>\n\t\t\t\t<\/div>\n\t\t\t\t\t<\/div>\n\t\t<\/div>\n\t\t\t\t<div class=\"elementor-column elementor-col-25 elementor-inner-column elementor-element elementor-element-80f98f4\" data-id=\"80f98f4\" data-element_type=\"column\">\n\t\t\t<div class=\"elementor-widget-wrap elementor-element-populated\">\n\t\t\t\t\t\t\t\t<div class=\"elementor-element elementor-element-a7d11dd elementor-widget__width-inherit elementor-widget elementor-widget-heading\" data-id=\"a7d11dd\" data-element_type=\"widget\" data-widget_type=\"heading.default\">\n\t\t\t\t<div class=\"elementor-widget-container\">\n\t\t\t<h6 class=\"elementor-heading-title elementor-size-default\"><a href=\"http:\/\/www.erkinbilisim.com.tr\/kvkk\">Ki\u015fisel Verileri Koruma<\/a><\/h6>\t\t<\/div>\n\t\t\t\t<\/div>\n\t\t\t\t\t<\/div>\n\t\t<\/div>\n\t\t\t\t<div class=\"elementor-column elementor-col-25 elementor-inner-column elementor-element elementor-element-ef6c105\" data-id=\"ef6c105\" data-element_type=\"column\">\n\t\t\t<div class=\"elementor-widget-wrap elementor-element-populated\">\n\t\t\t\t\t\t\t\t<div class=\"elementor-element elementor-element-3c1997f elementor-widget__width-inherit elementor-widget elementor-widget-heading\" data-id=\"3c1997f\" data-element_type=\"widget\" data-widget_type=\"heading.default\">\n\t\t\t\t<div class=\"elementor-widget-container\">\n\t\t\t<h6 class=\"elementor-heading-title elementor-size-default\"><a href=\"http:\/\/www.erkinbilisim.com.tr\/iletisim\">\u0130leti\u015fim<\/a><\/h6>\t\t<\/div>\n\t\t\t\t<\/div>\n\t\t\t\t\t<\/div>\n\t\t<\/div>\n\t\t\t\t\t\t\t<\/div>\n\t\t<\/section>\n\t\t\t\t<div class=\"elementor-element elementor-element-a12f3ad elementor-widget-divider--view-line elementor-widget elementor-widget-divider\" data-id=\"a12f3ad\" data-element_type=\"widget\" data-widget_type=\"divider.default\">\n\t\t\t\t<div class=\"elementor-widget-container\">\n\t\t\t\t\t<div class=\"elementor-divider\">\n\t\t\t<span class=\"elementor-divider-separator\">\n\t\t\t\t\t\t<\/span>\n\t\t<\/div>\n\t\t\t\t<\/div>\n\t\t\t\t<\/div>\n\t\t\t\t<div class=\"elementor-element elementor-element-1de160a elementor-widget elementor-widget-heading\" data-id=\"1de160a\" data-element_type=\"widget\" data-widget_type=\"heading.default\">\n\t\t\t\t<div class=\"elementor-widget-container\">\n\t\t\t<h4 class=\"elementor-heading-title elementor-size-default\">\u0130leti\u015fim<\/h4>\t\t<\/div>\n\t\t\t\t<\/div>\n\t\t\t\t\t<\/div>\n\t\t<\/div>\n\t\t\t\t\t\t\t<\/div>\n\t\t<\/section>\n\t\t\t\t<section class=\"elementor-section elementor-top-section elementor-element elementor-element-bac234a elementor-section-boxed elementor-section-height-default elementor-section-height-default\" data-id=\"bac234a\" data-element_type=\"section\">\n\t\t\t\t\t\t<div class=\"elementor-container elementor-column-gap-default\">\n\t\t\t\t\t<div class=\"elementor-column elementor-col-50 elementor-top-column elementor-element elementor-element-add9a86\" data-id=\"add9a86\" data-element_type=\"column\">\n\t\t\t<div class=\"elementor-widget-wrap elementor-element-populated\">\n\t\t\t\t\t\t\t\t<div class=\"elementor-element elementor-element-ca2a286 elementor-widget elementor-widget-pix-img\" data-id=\"ca2a286\" data-element_type=\"widget\" data-widget_type=\"pix-img.default\">\n\t\t\t\t<div class=\"elementor-widget-container\">\n\t\t\t<div class=\"d-inline-block \" ><div class=\"   text-center d-inline-block   rounded-0\"  data-jarallax-element=\" \"><img loading=\"lazy\" class=\"card-img2 pix-img-elem rounded-0  h-1002\" style=\"width:200px;height:auto;\" width=\"411\" height=\"125\" srcset=\"http:\/\/erkintelekom.com.tr\/tr\/wp-content\/uploads\/2021\/03\/erkinkonya.png 411w, http:\/\/erkintelekom.com.tr\/tr\/wp-content\/uploads\/2021\/03\/erkinkonya-300x91.png 300w\" sizes=\"(max-width: 411px) 100vw, 411px\" src=\"http:\/\/erkintelekom.com.tr\/tr\/wp-content\/uploads\/2021\/03\/erkinkonya.png\" alt=\"\" \/><\/div><\/div>\t\t<\/div>\n\t\t\t\t<\/div>\n\t\t\t\t\t<\/div>\n\t\t<\/div>\n\t\t\t\t<div class=\"elementor-column elementor-col-50 elementor-top-column elementor-element elementor-element-4b3b568\" data-id=\"4b3b568\" data-element_type=\"column\">\n\t\t\t<div class=\"elementor-widget-wrap elementor-element-populated\">\n\t\t\t\t\t\t\t\t<div class=\"elementor-element elementor-element-b426996 elementor-widget elementor-widget-text-editor\" data-id=\"b426996\" data-element_type=\"widget\" data-widget_type=\"text-editor.default\">\n\t\t\t\t<div class=\"elementor-widget-container\">\n\t\t\t\t\t<div class=\"elementor-text-editor elementor-clearfix\"><p><strong>Konya Erkin Telekom<\/strong><\/p>\n<ul>\n<li>Adres : Ni\u015fanta\u015f\u0131 Mah. Tamer Sk. Bulu\u015f Sit. No: 9\/A Sel\u00e7uklu 42060 KONYA\/T\u00dcRK\u0130YE<\/li>\n<li>Telefon :&nbsp; +90 332 238 24 24.<\/li>\n<li>Email : <a href=\"mailto:bilgi@erkintelekom.com\">bilgi@erkintelekom.com<\/a><\/li>\n<\/ul><\/div>\n\t\t\t\t<\/div>\n\t\t\t\t<\/div>\n\t\t\t\t\t<\/div>\n\t\t<\/div>\n\t\t\t\t\t\t\t<\/div>\n\t\t<\/section>\n\t\t\t\t<section class=\"elementor-section elementor-top-section elementor-element elementor-element-4a5d2a4 elementor-section-stretched elementor-section-boxed elementor-section-height-default elementor-section-height-default\" data-id=\"4a5d2a4\" data-element_type=\"section\" data-settings=\"{&quot;stretch_section&quot;:&quot;section-stretched&quot;,&quot;background_background&quot;:&quot;classic&quot;}\">\n\t\t\t\t\t\t<div class=\"elementor-container elementor-column-gap-default\">\n\t\t\t\t\t\t\t\t<\/div>\n\t\t<\/section>\n\t\t\t\t<section class=\"elementor-section elementor-top-section elementor-element elementor-element-e790fd0 elementor-section-boxed elementor-section-height-default elementor-section-height-default\" data-id=\"e790fd0\" data-element_type=\"section\">\n\t\t\t\t\t\t<div class=\"elementor-container elementor-column-gap-default\">\n\t\t\t\t\t<div class=\"elementor-column elementor-col-50 elementor-top-column elementor-element elementor-element-d3b0979\" data-id=\"d3b0979\" data-element_type=\"column\">\n\t\t\t<div class=\"elementor-widget-wrap elementor-element-populated\">\n\t\t\t\t\t\t\t\t<div class=\"elementor-element elementor-element-9742854 elementor-widget elementor-widget-pix-img\" data-id=\"9742854\" data-element_type=\"widget\" data-widget_type=\"pix-img.default\">\n\t\t\t\t<div class=\"elementor-widget-container\">\n\t\t\t<div class=\"d-inline-block \" ><div class=\"   text-center d-inline-block   rounded-0\"  data-jarallax-element=\" \"><img loading=\"lazy\" class=\"card-img2 pix-img-elem rounded-0  h-1002\" style=\"width:200px;height:auto;\" width=\"411\" height=\"125\" srcset=\"http:\/\/erkintelekom.com.tr\/tr\/wp-content\/uploads\/2021\/03\/erkineregli.png 411w, http:\/\/erkintelekom.com.tr\/tr\/wp-content\/uploads\/2021\/03\/erkineregli-300x91.png 300w\" sizes=\"(max-width: 411px) 100vw, 411px\" src=\"http:\/\/erkintelekom.com.tr\/tr\/wp-content\/uploads\/2021\/03\/erkineregli.png\" alt=\"\" \/><\/div><\/div>\t\t<\/div>\n\t\t\t\t<\/div>\n\t\t\t\t\t<\/div>\n\t\t<\/div>\n\t\t\t\t<div class=\"elementor-column elementor-col-50 elementor-top-column elementor-element elementor-element-880992f\" data-id=\"880992f\" data-element_type=\"column\">\n\t\t\t<div class=\"elementor-widget-wrap elementor-element-populated\">\n\t\t\t\t\t\t\t\t<div class=\"elementor-element elementor-element-4d1d300 elementor-widget elementor-widget-text-editor\" data-id=\"4d1d300\" data-element_type=\"widget\" data-widget_type=\"text-editor.default\">\n\t\t\t\t<div class=\"elementor-widget-container\">\n\t\t\t\t\t<div class=\"elementor-text-editor elementor-clearfix\"><p><strong>Ere\u011fli Erkin Telekom<\/strong><\/p><ul><li>Adres : \u00dc\u00e7g\u00f6z Mah. Latif Dirik Merkezi No:1 Ere\u011fli\/Konya<\/li><li>Telefon : +90 332 713 30 30<\/li><li>Email : <a href=\"mailto:bilgi@erkintelekom.com\">bilgi@erkintelekom.com<\/a><\/li><\/ul><\/div>\n\t\t\t\t<\/div>\n\t\t\t\t<\/div>\n\t\t\t\t\t<\/div>\n\t\t<\/div>\n\t\t\t\t\t\t\t<\/div>\n\t\t<\/section>\n\t\t\t\t<section class=\"elementor-section elementor-top-section elementor-element elementor-element-22255fc elementor-section-stretched elementor-section-boxed elementor-section-height-default elementor-section-height-default\" data-id=\"22255fc\" data-element_type=\"section\" data-settings=\"{&quot;stretch_section&quot;:&quot;section-stretched&quot;,&quot;background_background&quot;:&quot;classic&quot;}\">\n\t\t\t\t\t\t<div class=\"elementor-container elementor-column-gap-default\">\n\t\t\t\t\t\t\t\t<\/div>\n\t\t<\/section>\n\t\t\t\t<section class=\"elementor-section elementor-top-section elementor-element elementor-element-dabe465 elementor-section-stretched elementor-section-boxed elementor-section-height-default elementor-section-height-default\" data-id=\"dabe465\" data-element_type=\"section\" data-settings=\"{&quot;stretch_section&quot;:&quot;section-stretched&quot;,&quot;background_background&quot;:&quot;classic&quot;}\">\n\t\t\t\t\t\t<div class=\"elementor-container elementor-column-gap-default\">\n\t\t\t\t\t<div class=\"elementor-column elementor-col-33 elementor-top-column elementor-element elementor-element-c3ae067\" data-id=\"c3ae067\" data-element_type=\"column\">\n\t\t\t<div class=\"elementor-widget-wrap elementor-element-populated\">\n\t\t\t\t\t\t\t\t<div class=\"elementor-element elementor-element-38ed2b0 elementor-invisible elementor-widget elementor-widget-pix-img\" data-id=\"38ed2b0\" data-element_type=\"widget\" data-widget_type=\"pix-img.default\">\n\t\t\t\t<div class=\"elementor-widget-container\">\n\t\t\t<div class=\"d-inline-block \" ><div class=\"animate-in  d-inline-block\" data-anim-type=\"fade-in-up\" data-anim-delay=\"200\"><div class=\"   text-left d-inline-block  w-100 rounded-xl\"  data-jarallax-element=\" \"><img loading=\"lazy\" class=\"card-img2 pix-img-elem rounded-xl  h-1002\" style=\"height:auto;\" width=\"906\" height=\"1041\" srcset=\"http:\/\/erkintelekom.com.tr\/tr\/wp-content\/uploads\/2021\/03\/ipecs-mg_1.png 906w, http:\/\/erkintelekom.com.tr\/tr\/wp-content\/uploads\/2021\/03\/ipecs-mg_1-261x300.png 261w, http:\/\/erkintelekom.com.tr\/tr\/wp-content\/uploads\/2021\/03\/ipecs-mg_1-891x1024.png 891w, http:\/\/erkintelekom.com.tr\/tr\/wp-content\/uploads\/2021\/03\/ipecs-mg_1-768x882.png 768w\" sizes=\"(max-width: 906px) 100vw, 906px\" src=\"http:\/\/erkintelekom.com.tr\/tr\/wp-content\/uploads\/2021\/03\/ipecs-mg_1.png\" alt=\"\" \/><\/div><\/div><\/div>\t\t<\/div>\n\t\t\t\t<\/div>\n\t\t\t\t<div class=\"elementor-element elementor-element-a9d79b4 elementor-invisible elementor-widget elementor-widget-pix-img\" data-id=\"a9d79b4\" data-element_type=\"widget\" data-widget_type=\"pix-img.default\">\n\t\t\t\t<div class=\"elementor-widget-container\">\n\t\t\t<div class=\"d-inline-block \" ><div class=\"animate-in  d-inline-block\" data-anim-type=\"fade-in-up\" data-anim-delay=\"600\"><div class=\"   text-left d-inline-block  w-100 rounded-xl\"  data-jarallax-element=\" \"><img loading=\"lazy\" class=\"card-img2 pix-img-elem rounded-xl  h-1002\" style=\"height:auto;\" width=\"600\" height=\"600\" srcset=\"http:\/\/erkintelekom.com.tr\/tr\/wp-content\/uploads\/2021\/03\/tesgoftmain_1.png 600w, http:\/\/erkintelekom.com.tr\/tr\/wp-content\/uploads\/2021\/03\/tesgoftmain_1-300x300.png 300w, http:\/\/erkintelekom.com.tr\/tr\/wp-content\/uploads\/2021\/03\/tesgoftmain_1-150x150.png 150w, http:\/\/erkintelekom.com.tr\/tr\/wp-content\/uploads\/2021\/03\/tesgoftmain_1-400x400.png 400w, http:\/\/erkintelekom.com.tr\/tr\/wp-content\/uploads\/2021\/03\/tesgoftmain_1-75x75.png 75w, http:\/\/erkintelekom.com.tr\/tr\/wp-content\/uploads\/2021\/03\/tesgoftmain_1-460x460.png 460w\" sizes=\"(max-width: 600px) 100vw, 600px\" src=\"http:\/\/erkintelekom.com.tr\/tr\/wp-content\/uploads\/2021\/03\/tesgoftmain_1.png\" alt=\"\" \/><\/div><\/div><\/div>\t\t<\/div>\n\t\t\t\t<\/div>\n\t\t\t\t\t<\/div>\n\t\t<\/div>\n\t\t\t\t<div class=\"elementor-column elementor-col-33 elementor-top-column elementor-element elementor-element-f6f5ae4\" data-id=\"f6f5ae4\" data-element_type=\"column\">\n\t\t\t<div class=\"elementor-widget-wrap elementor-element-populated\">\n\t\t\t\t\t\t\t\t<div class=\"elementor-element elementor-element-aa18c12 elementor-invisible elementor-widget elementor-widget-pix-img\" data-id=\"aa18c12\" data-element_type=\"widget\" data-widget_type=\"pix-img.default\">\n\t\t\t\t<div class=\"elementor-widget-container\">\n\t\t\t<div class=\"d-inline-block \" ><div class=\"animate-in  d-inline-block\" data-anim-type=\"fade-in-up\" data-anim-delay=\"200\"><div class=\"   text-left d-inline-block  w-100 rounded-xl\"  data-jarallax-element=\" \"><img loading=\"lazy\" class=\"card-img2 pix-img-elem rounded-xl  h-1002\" style=\"height:auto;\" width=\"385\" height=\"479\" srcset=\"http:\/\/erkintelekom.com.tr\/tr\/wp-content\/uploads\/2021\/03\/tesgoftmain_3-1.png 385w, http:\/\/erkintelekom.com.tr\/tr\/wp-content\/uploads\/2021\/03\/tesgoftmain_3-1-241x300.png 241w\" sizes=\"(max-width: 385px) 100vw, 385px\" src=\"http:\/\/erkintelekom.com.tr\/tr\/wp-content\/uploads\/2021\/03\/tesgoftmain_3-1.png\" alt=\"\" \/><\/div><\/div><\/div>\t\t<\/div>\n\t\t\t\t<\/div>\n\t\t\t\t<div class=\"elementor-element elementor-element-4c9af0e elementor-invisible elementor-widget elementor-widget-pix-img\" data-id=\"4c9af0e\" data-element_type=\"widget\" data-widget_type=\"pix-img.default\">\n\t\t\t\t<div class=\"elementor-widget-container\">\n\t\t\t<div class=\"d-inline-block \" ><div class=\"animate-in  d-inline-block\" data-anim-type=\"fade-in-up\" data-anim-delay=\"600\"><div class=\"   text-left d-inline-block  w-100 rounded-xl\"  data-jarallax-element=\" \"><img loading=\"lazy\" class=\"card-img2 pix-img-elem rounded-xl  h-1002\" style=\"height:auto;\" width=\"532\" height=\"570\" srcset=\"http:\/\/erkintelekom.com.tr\/tr\/wp-content\/uploads\/2021\/03\/hikvisionlogo-1.png 532w, http:\/\/erkintelekom.com.tr\/tr\/wp-content\/uploads\/2021\/03\/hikvisionlogo-1-280x300.png 280w\" sizes=\"(max-width: 532px) 100vw, 532px\" src=\"http:\/\/erkintelekom.com.tr\/tr\/wp-content\/uploads\/2021\/03\/hikvisionlogo-1.png\" alt=\"\" \/><\/div><\/div><\/div>\t\t<\/div>\n\t\t\t\t<\/div>\n\t\t\t\t\t<\/div>\n\t\t<\/div>\n\t\t\t\t<div class=\"elementor-column elementor-col-33 elementor-top-column elementor-element elementor-element-292815a\" data-id=\"292815a\" data-element_type=\"column\">\n\t\t\t<div class=\"elementor-widget-wrap elementor-element-populated\">\n\t\t\t\t\t\t\t\t<div class=\"elementor-element elementor-element-4654a2b elementor-invisible elementor-widget elementor-widget-pix-badge\" data-id=\"4654a2b\" data-element_type=\"widget\" data-widget_type=\"pix-badge.default\">\n\t\t\t\t<div class=\"elementor-widget-container\">\n\t\t\t<div class=\"pix-element-div w-100 text-center\"><h6 class=\"d-inline-block mr-1 animate-in\" data-anim-type=\"fade-in-up\" data-anim-delay=\"0\"><span class=\"badge font-weight-bold secondary-font bg-gray-2   \" style=\" \"><span class=\"text-heading-default\" style=\"\">Erkin Telekom Kalitesi \u0130le...<\/span><\/span><\/h6><\/div>\t\t<\/div>\n\t\t\t\t<\/div>\n\t\t\t\t<div class=\"elementor-element elementor-element-e86f985 elementor-widget elementor-widget-pix-sliding-text\" data-id=\"e86f985\" data-element_type=\"widget\" data-widget_type=\"pix-sliding-text.default\">\n\t\t\t\t<div class=\"elementor-widget-container\">\n\t\t\t<div class=\"mb-3 text-center \"><div class=\"d-inline-block\" style=\"max-width:500px;\"><h2 class=\"mb-32 pix-sliding-headline font-weight-bold body-font\" data-class=\"body-font text-heading-default\" data-style=\"\">Hizmetlerimiz<\/h2><\/div><\/div>\t\t<\/div>\n\t\t\t\t<\/div>\n\t\t\t\t<div class=\"elementor-element elementor-element-fe5cae8 elementor-invisible elementor-widget elementor-widget-pix-text\" data-id=\"fe5cae8\" data-element_type=\"widget\" data-widget_type=\"pix-text.default\">\n\t\t\t\t<div class=\"elementor-widget-container\">\n\t\t\t<div class=\"slide-in-container w-100 text-center \" ><p class=\"text-18 m-0  text-center \" ><span class=\"animate-in d-inline-block\" data-anim-delay=\"400\" data-anim-type=\"fade-in-up\">Ericsson-LG Santrak Sistemleri, G\u00fcvenlik Sistemleri, Network \u00c7\u00f6z\u00fcmleri, Kablosuz \u00c7\u00f6z\u00fcmler, Termal Kamera \u00c7z\u00f6\u00fcmleri, Tegsoft \u00c7a\u011fr\u0131 Merkezi, Yang\u0131n Alarm Sistemleri<\/span><\/p><\/div>\t\t<\/div>\n\t\t\t\t<\/div>\n\t\t\t\t<div class=\"elementor-element elementor-element-eadf397 elementor-invisible elementor-widget elementor-widget-pix-clients\" data-id=\"eadf397\" data-element_type=\"widget\" data-widget_type=\"pix-clients.default\">\n\t\t\t\t<div class=\"elementor-widget-container\">\n\t\t\t<div class=\"clients row  \"><div class=\"clearfix w-100 col-12\"><\/div><div class=\"col-md col-12 -3  text-center client2 d-inline-block2 d-inline-flex client\"><div class=\"py-3 d-inline-block align-self-center w-100\" title=\"\"><img src=\"\"   class=\"animate-in\" alt=\"\" data-anim-type=\"fade-in-Img\" data-anim-delay=\"200\"><\/div><\/div><div class=\"col-md col-12 -3  text-center client2 d-inline-block2 d-inline-flex client\"><div class=\"py-3 d-inline-block align-self-center w-100\" title=\"\"><img src=\"\"   class=\"animate-in\" alt=\"\" data-anim-type=\"fade-in-Img\" data-anim-delay=\"400\"><\/div><\/div><div class=\"col-md col-12 -3  text-center client2 d-inline-block2 d-inline-flex client\"><div class=\"py-3 d-inline-block align-self-center w-100\" title=\"\"><img src=\"\"   class=\"animate-in\" alt=\"\" data-anim-type=\"fade-in-Img\" data-anim-delay=\"600\"><\/div><\/div><\/div>\n\t\t<\/div>\n\t\t\t\t<\/div>\n\t\t\t\t<div class=\"elementor-element elementor-element-d4bd6bb elementor-invisible elementor-widget elementor-widget-pix-img\" data-id=\"d4bd6bb\" data-element_type=\"widget\" data-widget_type=\"pix-img.default\">\n\t\t\t\t<div class=\"elementor-widget-container\">\n\t\t\t<div class=\"pix-img-div  text-center\"><div class=\"animate-in  d-inline-block\" data-anim-type=\"fade-in-up\" data-anim-delay=\"200\"><div class=\"   text-left d-inline-block   rounded-lg\"  data-jarallax-element=\" \"><img loading=\"lazy\" class=\"card-img2 pix-img-elem rounded-lg  h-1002\" style=\"width:180px;height:auto;\" width=\"1182\" height=\"558\" srcset=\"http:\/\/erkintelekom.com.tr\/tr\/wp-content\/uploads\/2021\/03\/Tegsoft_PartnerLogo_Sales.png 1182w, http:\/\/erkintelekom.com.tr\/tr\/wp-content\/uploads\/2021\/03\/Tegsoft_PartnerLogo_Sales-300x142.png 300w, http:\/\/erkintelekom.com.tr\/tr\/wp-content\/uploads\/2021\/03\/Tegsoft_PartnerLogo_Sales-1024x483.png 1024w, http:\/\/erkintelekom.com.tr\/tr\/wp-content\/uploads\/2021\/03\/Tegsoft_PartnerLogo_Sales-768x363.png 768w\" sizes=\"(max-width: 1182px) 100vw, 1182px\" src=\"http:\/\/erkintelekom.com.tr\/tr\/wp-content\/uploads\/2021\/03\/Tegsoft_PartnerLogo_Sales.png\" alt=\"\" \/><\/div><\/div><\/div>\t\t<\/div>\n\t\t\t\t<\/div>\n\t\t\t\t\t<\/div>\n\t\t<\/div>\n\t\t\t\t\t\t\t<\/div>\n\t\t<\/section>\n\t\t\t\t\t\t<\/div>\n\t\t\t\t\t<\/div>\n\t\t","protected":false},"excerpt":{"rendered":"Erkin Telekom Kurulu\u015f 1986 Hakk\u0131m\u0131zda Misyon &#038; Vizyon Ki\u015fisel Verileri Koruma \u0130leti\u015fim \u0130leti\u015fim Konya Erkin Telekom Adres : Ni\u015fanta\u015f\u0131 Mah. Tamer Sk. Bulu\u015f Sit. No: 9\/A Sel\u00e7uklu 42060 KONYA\/T\u00dcRK\u0130YE Telefon :&nbsp; +90 332 238 24 24. Email : bilgi@erkintelekom.com Ere\u011fli&#8230;","protected":false},"author":1,"featured_media":0,"parent":0,"menu_order":0,"comment_status":"closed","ping_status":"closed","template":"","meta":[],"_links":{"self":[{"href":"http:\/\/erkintelekom.com.tr\/tr\/wp-json\/wp\/v2\/pages\/14020"}],"collection":[{"href":"http:\/\/erkintelekom.com.tr\/tr\/wp-json\/wp\/v2\/pages"}],"about":[{"href":"http:\/\/erkintelekom.com.tr\/tr\/wp-json\/wp\/v2\/types\/page"}],"author":[{"embeddable":true,"href":"http:\/\/erkintelekom.com.tr\/tr\/wp-json\/wp\/v2\/users\/1"}],"replies":[{"embeddable":true,"href":"http:\/\/erkintelekom.com.tr\/tr\/wp-json\/wp\/v2\/comments?post=14020"}],"version-history":[{"count":31,"href":"http:\/\/erkintelekom.com.tr\/tr\/wp-json\/wp\/v2\/pages\/14020\/revisions"}],"predecessor-version":[{"id":14184,"href":"http:\/\/erkintelekom.com.tr\/tr\/wp-json\/wp\/v2\/pages\/14020\/revisions\/14184"}],"wp:attachment":[{"href":"http:\/\/erkintelekom.com.tr\/tr\/wp-json\/wp\/v2\/media?parent=14020"}],"curies":[{"name":"wp","href":"https:\/\/api.w.org\/{rel}","templated":true}]}}