{"id":13992,"date":"2021-03-18T11:41:25","date_gmt":"2021-03-18T08:41:25","guid":{"rendered":"http:\/\/erkintelekom.com.tr\/tr\/?page_id=13992"},"modified":"2022-02-25T00:11:28","modified_gmt":"2022-02-24T21:11:28","slug":"misyon-ve-vizyon","status":"publish","type":"page","link":"http:\/\/erkintelekom.com.tr\/tr\/misyon-ve-vizyon\/","title":{"rendered":"Misyon ve Vizyon"},"content":{"rendered":"\t\t<div data-elementor-type=\"wp-page\" data-elementor-id=\"13992\" class=\"elementor elementor-13992\" data-elementor-settings=\"[]\">\n\t\t\t\t\t\t\t<div class=\"elementor-section-wrap\">\n\t\t\t\t\t\t\t<section class=\"elementor-section elementor-top-section elementor-element elementor-element-7b18cf7 elementor-section-stretched elementor-section-boxed elementor-section-height-default elementor-section-height-default\" data-id=\"7b18cf7\" data-element_type=\"section\" data-settings=\"{&quot;stretch_section&quot;:&quot;section-stretched&quot;,&quot;background_background&quot;:&quot;video&quot;,&quot;background_video_link&quot;:&quot;https:\\\/\\\/www.youtube.com\\\/watch?v=2kBqZQpF6Ec&quot;}\">\n\t\t\t\t\t\t\t\t<div class=\"elementor-background-video-container elementor-hidden-phone\">\n\t\t\t\t\t\t\t\t\t\t\t\t\t<div class=\"elementor-background-video-embed\"><\/div>\n\t\t\t\t\t\t\t\t\t\t\t\t<\/div>\n\t\t\t\t\t\t\t\t\t<div class=\"elementor-background-overlay\"><\/div>\n\t\t\t\t\t\t\t<div class=\"elementor-container elementor-column-gap-default\">\n\t\t\t\t\t<div class=\"elementor-column elementor-col-100 elementor-top-column elementor-element elementor-element-60bd5b0\" data-id=\"60bd5b0\" data-element_type=\"column\">\n\t\t\t<div class=\"elementor-widget-wrap elementor-element-populated\">\n\t\t\t\t\t\t\t\t<div class=\"elementor-element elementor-element-a27bc47 elementor-widget elementor-widget-pix-sliding-text\" data-id=\"a27bc47\" data-element_type=\"widget\" data-widget_type=\"pix-sliding-text.default\">\n\t\t\t\t<div class=\"elementor-widget-container\">\n\t\t\t<div class=\"mb-3 text-center \"><h3 class=\"mb-32 pix-sliding-headline font-weight-bold secondary-font\" data-class=\"secondary-font text-white\" data-style=\"\">Erkin Telekom<\/h3><\/div>\t\t<\/div>\n\t\t\t\t<\/div>\n\t\t\t\t<div class=\"elementor-element elementor-element-c4fc8e1 elementor-invisible elementor-widget elementor-widget-pix-badge\" data-id=\"c4fc8e1\" data-element_type=\"widget\" data-widget_type=\"pix-badge.default\">\n\t\t\t\t<div class=\"elementor-widget-container\">\n\t\t\t<div class=\"pix-element-div w-100 text-center\"><h6 class=\"d-inline-block mr-1 animate-in\" data-anim-type=\"fade-in-up\" data-anim-delay=\"0\"><span class=\"badge font-weight-bold secondary-font bg-light-opacity-2   \" style=\" \"><span class=\"text-white\" style=\"\">Kurulu\u015f 1986<\/span><\/span><\/h6><\/div>\t\t<\/div>\n\t\t\t\t<\/div>\n\t\t\t\t<div class=\"elementor-element elementor-element-76014a8 elementor-widget__width-auto elementor-widget elementor-widget-pix-img\" data-id=\"76014a8\" data-element_type=\"widget\" data-widget_type=\"pix-img.default\">\n\t\t\t\t<div class=\"elementor-widget-container\">\n\t\t\t<div class=\"d-inline-block \" ><div class=\"   text-left d-inline-block   rounded-0\"  data-jarallax-element=\" \"><img loading=\"lazy\" class=\"card-img2 pix-img-elem rounded-0  h-1002\" style=\"width:180px;height:auto;\" width=\"411\" height=\"75\" srcset=\"http:\/\/erkintelekom.com.tr\/tr\/wp-content\/uploads\/2021\/03\/erkin-1.png 411w, http:\/\/erkintelekom.com.tr\/tr\/wp-content\/uploads\/2021\/03\/erkin-1-300x55.png 300w\" sizes=\"(max-width: 411px) 100vw, 411px\" src=\"http:\/\/erkintelekom.com.tr\/tr\/wp-content\/uploads\/2021\/03\/erkin-1.png\" alt=\"\" \/><\/div><\/div>\t\t<\/div>\n\t\t\t\t<\/div>\n\t\t\t\t\t<\/div>\n\t\t<\/div>\n\t\t\t\t\t\t\t<\/div>\n\t\t<\/section>\n\t\t\t\t<section class=\"elementor-section elementor-top-section elementor-element elementor-element-f61c314 elementor-section-boxed elementor-section-height-default elementor-section-height-default\" data-id=\"f61c314\" data-element_type=\"section\">\n\t\t\t\t\t\t<div class=\"elementor-container elementor-column-gap-default\">\n\t\t\t\t\t<div class=\"elementor-column elementor-col-100 elementor-top-column elementor-element elementor-element-1f8c819\" data-id=\"1f8c819\" data-element_type=\"column\">\n\t\t\t<div class=\"elementor-widget-wrap elementor-element-populated\">\n\t\t\t\t\t\t\t\t<section class=\"elementor-section elementor-inner-section elementor-element elementor-element-661a3ef elementor-section-boxed elementor-section-height-default elementor-section-height-default\" data-id=\"661a3ef\" data-element_type=\"section\">\n\t\t\t\t\t\t<div class=\"elementor-container elementor-column-gap-default\">\n\t\t\t\t\t<div class=\"elementor-column elementor-col-25 elementor-inner-column elementor-element elementor-element-9ad1db3\" data-id=\"9ad1db3\" data-element_type=\"column\">\n\t\t\t<div class=\"elementor-widget-wrap elementor-element-populated\">\n\t\t\t\t\t\t\t\t<div class=\"elementor-element elementor-element-b6ac845 elementor-widget__width-inherit elementor-widget elementor-widget-heading\" data-id=\"b6ac845\" data-element_type=\"widget\" data-widget_type=\"heading.default\">\n\t\t\t\t<div class=\"elementor-widget-container\">\n\t\t\t<h6 class=\"elementor-heading-title elementor-size-default\"><a href=\"http:\/\/www.erkinbilisim.com.tr\/hakkimizda\">Hakk\u0131m\u0131zda<\/a><\/h6>\t\t<\/div>\n\t\t\t\t<\/div>\n\t\t\t\t\t<\/div>\n\t\t<\/div>\n\t\t\t\t<div class=\"elementor-column elementor-col-25 elementor-inner-column elementor-element elementor-element-798efea\" data-id=\"798efea\" data-element_type=\"column\">\n\t\t\t<div class=\"elementor-widget-wrap elementor-element-populated\">\n\t\t\t\t\t\t\t\t<div class=\"elementor-element elementor-element-a8a6e6b elementor-widget__width-inherit elementor-widget elementor-widget-heading\" data-id=\"a8a6e6b\" data-element_type=\"widget\" data-widget_type=\"heading.default\">\n\t\t\t\t<div class=\"elementor-widget-container\">\n\t\t\t<h6 class=\"elementor-heading-title elementor-size-default\"><a href=\"http:\/\/www.erkinbilisim.com.tr\/misyon-ve-vizyon\">Misyon & Vizyon<\/a><\/h6>\t\t<\/div>\n\t\t\t\t<\/div>\n\t\t\t\t\t<\/div>\n\t\t<\/div>\n\t\t\t\t<div class=\"elementor-column elementor-col-25 elementor-inner-column elementor-element elementor-element-5a77744\" data-id=\"5a77744\" data-element_type=\"column\">\n\t\t\t<div class=\"elementor-widget-wrap elementor-element-populated\">\n\t\t\t\t\t\t\t\t<div class=\"elementor-element elementor-element-123ae43 elementor-widget__width-inherit elementor-widget elementor-widget-heading\" data-id=\"123ae43\" data-element_type=\"widget\" data-widget_type=\"heading.default\">\n\t\t\t\t<div class=\"elementor-widget-container\">\n\t\t\t<h6 class=\"elementor-heading-title elementor-size-default\"><a href=\"http:\/\/www.erkinbilisim.com.tr\/kvkk\">Ki\u015fisel Verileri Koruma<\/a><\/h6>\t\t<\/div>\n\t\t\t\t<\/div>\n\t\t\t\t\t<\/div>\n\t\t<\/div>\n\t\t\t\t<div class=\"elementor-column elementor-col-25 elementor-inner-column elementor-element elementor-element-da8cf57\" data-id=\"da8cf57\" data-element_type=\"column\">\n\t\t\t<div class=\"elementor-widget-wrap elementor-element-populated\">\n\t\t\t\t\t\t\t\t<div class=\"elementor-element elementor-element-b00ba64 elementor-widget__width-inherit elementor-widget elementor-widget-heading\" data-id=\"b00ba64\" data-element_type=\"widget\" data-widget_type=\"heading.default\">\n\t\t\t\t<div class=\"elementor-widget-container\">\n\t\t\t<h6 class=\"elementor-heading-title elementor-size-default\"><a href=\"http:\/\/www.erkinbilisim.com.tr\/iletisim\">\u0130leti\u015fim<\/a><\/h6>\t\t<\/div>\n\t\t\t\t<\/div>\n\t\t\t\t\t<\/div>\n\t\t<\/div>\n\t\t\t\t\t\t\t<\/div>\n\t\t<\/section>\n\t\t\t\t<div class=\"elementor-element elementor-element-3dcb17d elementor-widget-divider--view-line elementor-widget elementor-widget-divider\" data-id=\"3dcb17d\" data-element_type=\"widget\" data-widget_type=\"divider.default\">\n\t\t\t\t<div class=\"elementor-widget-container\">\n\t\t\t\t\t<div class=\"elementor-divider\">\n\t\t\t<span class=\"elementor-divider-separator\">\n\t\t\t\t\t\t<\/span>\n\t\t<\/div>\n\t\t\t\t<\/div>\n\t\t\t\t<\/div>\n\t\t\t\t<div class=\"elementor-element elementor-element-eb39647 elementor-widget elementor-widget-heading\" data-id=\"eb39647\" data-element_type=\"widget\" data-widget_type=\"heading.default\">\n\t\t\t\t<div class=\"elementor-widget-container\">\n\t\t\t<h4 class=\"elementor-heading-title elementor-size-default\">Misyon ve Vizyon<\/h4>\t\t<\/div>\n\t\t\t\t<\/div>\n\t\t\t\t<div class=\"elementor-element elementor-element-dd4f537 elementor-widget elementor-widget-text-editor\" data-id=\"dd4f537\" data-element_type=\"widget\" data-widget_type=\"text-editor.default\">\n\t\t\t\t<div class=\"elementor-widget-container\">\n\t\t\t\t\t<div class=\"elementor-text-editor elementor-clearfix\"><p><span lang=\"TR\">Kaliteli \u00fcr\u00fcnleri ko\u015fulsuz m\u00fc\u015fteri memnuniyeti ile beraber sunmak. Yeni teknolojileri yak\u0131ndan takip ederek, uzak do\u011fuda sahip oldu\u011fu \u00fcretim kanallar\u0131 ile katma de\u011feri y\u00fcksek \u00fcr\u00fcnlere sahip olmak.<br \/><br \/><\/span><span lang=\"TR\">\u00dcr\u00fcnlerinin kalitesi, tecr\u00fcbesi ve bilgi g\u00fcc\u00fc ile \u00e7\u00f6z\u00fcm ortaklar\u0131na projelerde rekabet avantajlar\u0131 sa\u011flamakt\u0131r.<\/span><\/p><\/div>\n\t\t\t\t<\/div>\n\t\t\t\t<\/div>\n\t\t\t\t\t<\/div>\n\t\t<\/div>\n\t\t\t\t\t\t\t<\/div>\n\t\t<\/section>\n\t\t\t\t<section class=\"elementor-section elementor-top-section elementor-element elementor-element-3dad583 elementor-section-stretched elementor-section-boxed elementor-section-height-default elementor-section-height-default\" data-id=\"3dad583\" data-element_type=\"section\" data-settings=\"{&quot;stretch_section&quot;:&quot;section-stretched&quot;,&quot;background_background&quot;:&quot;classic&quot;}\">\n\t\t\t\t\t\t<div class=\"elementor-container elementor-column-gap-default\">\n\t\t\t\t\t<div class=\"elementor-column elementor-col-33 elementor-top-column elementor-element elementor-element-5a7de77\" data-id=\"5a7de77\" data-element_type=\"column\">\n\t\t\t<div class=\"elementor-widget-wrap elementor-element-populated\">\n\t\t\t\t\t\t\t\t<div class=\"elementor-element elementor-element-5032acb elementor-invisible elementor-widget elementor-widget-pix-img\" data-id=\"5032acb\" data-element_type=\"widget\" data-widget_type=\"pix-img.default\">\n\t\t\t\t<div class=\"elementor-widget-container\">\n\t\t\t<div class=\"d-inline-block \" ><div class=\"animate-in  d-inline-block\" data-anim-type=\"fade-in-up\" data-anim-delay=\"200\"><div class=\"   text-left d-inline-block  w-100 rounded-xl\"  data-jarallax-element=\" \"><img loading=\"lazy\" class=\"card-img2 pix-img-elem rounded-xl  h-1002\" style=\"height:auto;\" width=\"906\" height=\"1041\" srcset=\"http:\/\/erkintelekom.com.tr\/tr\/wp-content\/uploads\/2021\/03\/ipecs-mg_1.png 906w, http:\/\/erkintelekom.com.tr\/tr\/wp-content\/uploads\/2021\/03\/ipecs-mg_1-261x300.png 261w, http:\/\/erkintelekom.com.tr\/tr\/wp-content\/uploads\/2021\/03\/ipecs-mg_1-891x1024.png 891w, http:\/\/erkintelekom.com.tr\/tr\/wp-content\/uploads\/2021\/03\/ipecs-mg_1-768x882.png 768w\" sizes=\"(max-width: 906px) 100vw, 906px\" src=\"http:\/\/erkintelekom.com.tr\/tr\/wp-content\/uploads\/2021\/03\/ipecs-mg_1.png\" alt=\"\" \/><\/div><\/div><\/div>\t\t<\/div>\n\t\t\t\t<\/div>\n\t\t\t\t<div class=\"elementor-element elementor-element-b7d7013 elementor-invisible elementor-widget elementor-widget-pix-img\" data-id=\"b7d7013\" data-element_type=\"widget\" data-widget_type=\"pix-img.default\">\n\t\t\t\t<div class=\"elementor-widget-container\">\n\t\t\t<div class=\"d-inline-block \" ><div class=\"animate-in  d-inline-block\" data-anim-type=\"fade-in-up\" data-anim-delay=\"600\"><div class=\"   text-left d-inline-block  w-100 rounded-xl\"  data-jarallax-element=\" \"><img loading=\"lazy\" class=\"card-img2 pix-img-elem rounded-xl  h-1002\" style=\"height:auto;\" width=\"600\" height=\"600\" srcset=\"http:\/\/erkintelekom.com.tr\/tr\/wp-content\/uploads\/2021\/03\/tesgoftmain_1.png 600w, http:\/\/erkintelekom.com.tr\/tr\/wp-content\/uploads\/2021\/03\/tesgoftmain_1-300x300.png 300w, http:\/\/erkintelekom.com.tr\/tr\/wp-content\/uploads\/2021\/03\/tesgoftmain_1-150x150.png 150w, http:\/\/erkintelekom.com.tr\/tr\/wp-content\/uploads\/2021\/03\/tesgoftmain_1-400x400.png 400w, http:\/\/erkintelekom.com.tr\/tr\/wp-content\/uploads\/2021\/03\/tesgoftmain_1-75x75.png 75w, http:\/\/erkintelekom.com.tr\/tr\/wp-content\/uploads\/2021\/03\/tesgoftmain_1-460x460.png 460w\" sizes=\"(max-width: 600px) 100vw, 600px\" src=\"http:\/\/erkintelekom.com.tr\/tr\/wp-content\/uploads\/2021\/03\/tesgoftmain_1.png\" alt=\"\" \/><\/div><\/div><\/div>\t\t<\/div>\n\t\t\t\t<\/div>\n\t\t\t\t\t<\/div>\n\t\t<\/div>\n\t\t\t\t<div class=\"elementor-column elementor-col-33 elementor-top-column elementor-element elementor-element-ca8582a\" data-id=\"ca8582a\" data-element_type=\"column\">\n\t\t\t<div class=\"elementor-widget-wrap elementor-element-populated\">\n\t\t\t\t\t\t\t\t<div class=\"elementor-element elementor-element-f311b4e elementor-invisible elementor-widget elementor-widget-pix-img\" data-id=\"f311b4e\" data-element_type=\"widget\" data-widget_type=\"pix-img.default\">\n\t\t\t\t<div class=\"elementor-widget-container\">\n\t\t\t<div class=\"d-inline-block \" ><div class=\"animate-in  d-inline-block\" data-anim-type=\"fade-in-up\" data-anim-delay=\"200\"><div class=\"   text-left d-inline-block  w-100 rounded-xl\"  data-jarallax-element=\" \"><img loading=\"lazy\" class=\"card-img2 pix-img-elem rounded-xl  h-1002\" style=\"height:auto;\" width=\"385\" height=\"479\" srcset=\"http:\/\/erkintelekom.com.tr\/tr\/wp-content\/uploads\/2021\/03\/tesgoftmain_3-1.png 385w, http:\/\/erkintelekom.com.tr\/tr\/wp-content\/uploads\/2021\/03\/tesgoftmain_3-1-241x300.png 241w\" sizes=\"(max-width: 385px) 100vw, 385px\" src=\"http:\/\/erkintelekom.com.tr\/tr\/wp-content\/uploads\/2021\/03\/tesgoftmain_3-1.png\" alt=\"\" \/><\/div><\/div><\/div>\t\t<\/div>\n\t\t\t\t<\/div>\n\t\t\t\t<div class=\"elementor-element elementor-element-d461350 elementor-invisible elementor-widget elementor-widget-pix-img\" data-id=\"d461350\" data-element_type=\"widget\" data-widget_type=\"pix-img.default\">\n\t\t\t\t<div class=\"elementor-widget-container\">\n\t\t\t<div class=\"d-inline-block \" ><div class=\"animate-in  d-inline-block\" data-anim-type=\"fade-in-up\" data-anim-delay=\"600\"><div class=\"   text-left d-inline-block  w-100 rounded-xl\"  data-jarallax-element=\" \"><img loading=\"lazy\" class=\"card-img2 pix-img-elem rounded-xl  h-1002\" style=\"height:auto;\" width=\"532\" height=\"570\" srcset=\"http:\/\/erkintelekom.com.tr\/tr\/wp-content\/uploads\/2021\/03\/hikvisionlogo-1.png 532w, http:\/\/erkintelekom.com.tr\/tr\/wp-content\/uploads\/2021\/03\/hikvisionlogo-1-280x300.png 280w\" sizes=\"(max-width: 532px) 100vw, 532px\" src=\"http:\/\/erkintelekom.com.tr\/tr\/wp-content\/uploads\/2021\/03\/hikvisionlogo-1.png\" alt=\"\" \/><\/div><\/div><\/div>\t\t<\/div>\n\t\t\t\t<\/div>\n\t\t\t\t\t<\/div>\n\t\t<\/div>\n\t\t\t\t<div class=\"elementor-column elementor-col-33 elementor-top-column elementor-element elementor-element-6652575\" data-id=\"6652575\" data-element_type=\"column\">\n\t\t\t<div class=\"elementor-widget-wrap elementor-element-populated\">\n\t\t\t\t\t\t\t\t<div class=\"elementor-element elementor-element-1329af1 elementor-invisible elementor-widget elementor-widget-pix-badge\" data-id=\"1329af1\" data-element_type=\"widget\" data-widget_type=\"pix-badge.default\">\n\t\t\t\t<div class=\"elementor-widget-container\">\n\t\t\t<div class=\"pix-element-div w-100 text-center\"><h6 class=\"d-inline-block mr-1 animate-in\" data-anim-type=\"fade-in-up\" data-anim-delay=\"0\"><span class=\"badge font-weight-bold secondary-font bg-gray-2   \" style=\" \"><span class=\"text-heading-default\" style=\"\">Erkin Telekom Kalitesi \u0130le...<\/span><\/span><\/h6><\/div>\t\t<\/div>\n\t\t\t\t<\/div>\n\t\t\t\t<div class=\"elementor-element elementor-element-12c644b elementor-widget elementor-widget-pix-sliding-text\" data-id=\"12c644b\" data-element_type=\"widget\" data-widget_type=\"pix-sliding-text.default\">\n\t\t\t\t<div class=\"elementor-widget-container\">\n\t\t\t<div class=\"mb-3 text-center \"><div class=\"d-inline-block\" style=\"max-width:500px;\"><h2 class=\"mb-32 pix-sliding-headline font-weight-bold body-font\" data-class=\"body-font text-heading-default\" data-style=\"\">Hizmetlerimiz<\/h2><\/div><\/div>\t\t<\/div>\n\t\t\t\t<\/div>\n\t\t\t\t<div class=\"elementor-element elementor-element-8b47c16 elementor-invisible elementor-widget elementor-widget-pix-text\" data-id=\"8b47c16\" data-element_type=\"widget\" data-widget_type=\"pix-text.default\">\n\t\t\t\t<div class=\"elementor-widget-container\">\n\t\t\t<div class=\"slide-in-container w-100 text-center \" ><p class=\"text-18 m-0  text-center \" ><span class=\"animate-in d-inline-block\" data-anim-delay=\"400\" data-anim-type=\"fade-in-up\">Ericsson-LG Santrak Sistemleri, G\u00fcvenlik Sistemleri, Network \u00c7\u00f6z\u00fcmleri, Kablosuz \u00c7\u00f6z\u00fcmler, Termal Kamera \u00c7z\u00f6\u00fcmleri, Tegsoft \u00c7a\u011fr\u0131 Merkezi, Yang\u0131n Alarm Sistemleri<\/span><\/p><\/div>\t\t<\/div>\n\t\t\t\t<\/div>\n\t\t\t\t<div class=\"elementor-element elementor-element-21c0771 elementor-invisible elementor-widget elementor-widget-pix-clients\" data-id=\"21c0771\" data-element_type=\"widget\" data-widget_type=\"pix-clients.default\">\n\t\t\t\t<div class=\"elementor-widget-container\">\n\t\t\t<div class=\"clients row  \"><div class=\"clearfix w-100 col-12\"><\/div><div class=\"col-md col-12 -3  text-center client2 d-inline-block2 d-inline-flex client\"><div class=\"py-3 d-inline-block align-self-center w-100\" title=\"\"><img src=\"\"   class=\"animate-in\" alt=\"\" data-anim-type=\"fade-in-Img\" data-anim-delay=\"200\"><\/div><\/div><div class=\"col-md col-12 -3  text-center client2 d-inline-block2 d-inline-flex client\"><div class=\"py-3 d-inline-block align-self-center w-100\" title=\"\"><img src=\"\"   class=\"animate-in\" alt=\"\" data-anim-type=\"fade-in-Img\" data-anim-delay=\"400\"><\/div><\/div><div class=\"col-md col-12 -3  text-center client2 d-inline-block2 d-inline-flex client\"><div class=\"py-3 d-inline-block align-self-center w-100\" title=\"\"><img src=\"\"   class=\"animate-in\" alt=\"\" data-anim-type=\"fade-in-Img\" data-anim-delay=\"600\"><\/div><\/div><\/div>\n\t\t<\/div>\n\t\t\t\t<\/div>\n\t\t\t\t<div class=\"elementor-element elementor-element-5bd2a9e elementor-invisible elementor-widget elementor-widget-pix-img\" data-id=\"5bd2a9e\" data-element_type=\"widget\" data-widget_type=\"pix-img.default\">\n\t\t\t\t<div class=\"elementor-widget-container\">\n\t\t\t<div class=\"pix-img-div  text-center\"><div class=\"animate-in  d-inline-block\" data-anim-type=\"fade-in-up\" data-anim-delay=\"200\"><div class=\"   text-left d-inline-block   rounded-lg\"  data-jarallax-element=\" \"><img loading=\"lazy\" class=\"card-img2 pix-img-elem rounded-lg  h-1002\" style=\"width:180px;height:auto;\" width=\"1182\" height=\"558\" srcset=\"http:\/\/erkintelekom.com.tr\/tr\/wp-content\/uploads\/2021\/03\/Tegsoft_PartnerLogo_Sales.png 1182w, http:\/\/erkintelekom.com.tr\/tr\/wp-content\/uploads\/2021\/03\/Tegsoft_PartnerLogo_Sales-300x142.png 300w, http:\/\/erkintelekom.com.tr\/tr\/wp-content\/uploads\/2021\/03\/Tegsoft_PartnerLogo_Sales-1024x483.png 1024w, http:\/\/erkintelekom.com.tr\/tr\/wp-content\/uploads\/2021\/03\/Tegsoft_PartnerLogo_Sales-768x363.png 768w\" sizes=\"(max-width: 1182px) 100vw, 1182px\" src=\"http:\/\/erkintelekom.com.tr\/tr\/wp-content\/uploads\/2021\/03\/Tegsoft_PartnerLogo_Sales.png\" alt=\"\" \/><\/div><\/div><\/div>\t\t<\/div>\n\t\t\t\t<\/div>\n\t\t\t\t\t<\/div>\n\t\t<\/div>\n\t\t\t\t\t\t\t<\/div>\n\t\t<\/section>\n\t\t\t\t\t\t<\/div>\n\t\t\t\t\t<\/div>\n\t\t","protected":false},"excerpt":{"rendered":"Erkin Telekom Kurulu\u015f 1986 Hakk\u0131m\u0131zda Misyon &#038; Vizyon Ki\u015fisel Verileri Koruma \u0130leti\u015fim Misyon ve Vizyon Kaliteli \u00fcr\u00fcnleri ko\u015fulsuz m\u00fc\u015fteri memnuniyeti ile beraber sunmak. Yeni teknolojileri yak\u0131ndan takip ederek, uzak do\u011fuda sahip oldu\u011fu \u00fcretim kanallar\u0131 ile katma de\u011feri y\u00fcksek \u00fcr\u00fcnlere sahip&#8230;","protected":false},"author":1,"featured_media":0,"parent":0,"menu_order":0,"comment_status":"closed","ping_status":"closed","template":"","meta":[],"_links":{"self":[{"href":"http:\/\/erkintelekom.com.tr\/tr\/wp-json\/wp\/v2\/pages\/13992"}],"collection":[{"href":"http:\/\/erkintelekom.com.tr\/tr\/wp-json\/wp\/v2\/pages"}],"about":[{"href":"http:\/\/erkintelekom.com.tr\/tr\/wp-json\/wp\/v2\/types\/page"}],"author":[{"embeddable":true,"href":"http:\/\/erkintelekom.com.tr\/tr\/wp-json\/wp\/v2\/users\/1"}],"replies":[{"embeddable":true,"href":"http:\/\/erkintelekom.com.tr\/tr\/wp-json\/wp\/v2\/comments?post=13992"}],"version-history":[{"count":23,"href":"http:\/\/erkintelekom.com.tr\/tr\/wp-json\/wp\/v2\/pages\/13992\/revisions"}],"predecessor-version":[{"id":14171,"href":"http:\/\/erkintelekom.com.tr\/tr\/wp-json\/wp\/v2\/pages\/13992\/revisions\/14171"}],"wp:attachment":[{"href":"http:\/\/erkintelekom.com.tr\/tr\/wp-json\/wp\/v2\/media?parent=13992"}],"curies":[{"name":"wp","href":"https:\/\/api.w.org\/{rel}","templated":true}]}}