{"id":13422,"date":"2020-09-21T15:45:24","date_gmt":"2020-09-21T15:45:24","guid":{"rendered":"https:\/\/megapack.pixfort.com\/elementor-test\/?page_id=13422"},"modified":"2023-04-05T13:33:38","modified_gmt":"2023-04-05T10:33:38","slug":"hakkimizda","status":"publish","type":"page","link":"http:\/\/erkintelekom.com.tr\/tr\/hakkimizda\/","title":{"rendered":"Hakk\u0131m\u0131zda"},"content":{"rendered":"\t\t<div data-elementor-type=\"wp-page\" data-elementor-id=\"13422\" class=\"elementor elementor-13422\" data-elementor-settings=\"[]\">\n\t\t\t\t\t\t\t<div class=\"elementor-section-wrap\">\n\t\t\t\t\t\t\t<section class=\"elementor-section elementor-top-section elementor-element elementor-element-6f1c195 elementor-section-stretched elementor-section-boxed elementor-section-height-default elementor-section-height-default\" data-id=\"6f1c195\" data-element_type=\"section\" data-settings=\"{&quot;stretch_section&quot;:&quot;section-stretched&quot;,&quot;background_background&quot;:&quot;video&quot;,&quot;background_video_link&quot;:&quot;https:\\\/\\\/www.youtube.com\\\/watch?v=2kBqZQpF6Ec&quot;}\">\n\t\t\t\t\t\t\t\t<div class=\"elementor-background-video-container elementor-hidden-phone\">\n\t\t\t\t\t\t\t\t\t\t\t\t\t<div class=\"elementor-background-video-embed\"><\/div>\n\t\t\t\t\t\t\t\t\t\t\t\t<\/div>\n\t\t\t\t\t\t\t\t\t<div class=\"elementor-background-overlay\"><\/div>\n\t\t\t\t\t\t\t<div class=\"elementor-container elementor-column-gap-default\">\n\t\t\t\t\t<div class=\"elementor-column elementor-col-100 elementor-top-column elementor-element elementor-element-f575af7\" data-id=\"f575af7\" data-element_type=\"column\">\n\t\t\t<div class=\"elementor-widget-wrap elementor-element-populated\">\n\t\t\t\t\t\t\t\t<div class=\"elementor-element elementor-element-b9c62c1 elementor-widget elementor-widget-pix-sliding-text\" data-id=\"b9c62c1\" data-element_type=\"widget\" data-widget_type=\"pix-sliding-text.default\">\n\t\t\t\t<div class=\"elementor-widget-container\">\n\t\t\t<div class=\"mb-3 text-center \"><h3 class=\"mb-32 pix-sliding-headline font-weight-bold secondary-font\" data-class=\"secondary-font text-white\" data-style=\"\">Erkin Telekom<\/h3><\/div>\t\t<\/div>\n\t\t\t\t<\/div>\n\t\t\t\t<div class=\"elementor-element elementor-element-7b1f98a elementor-invisible elementor-widget elementor-widget-pix-badge\" data-id=\"7b1f98a\" data-element_type=\"widget\" data-widget_type=\"pix-badge.default\">\n\t\t\t\t<div class=\"elementor-widget-container\">\n\t\t\t<div class=\"pix-element-div w-100 text-center\"><h6 class=\"d-inline-block mr-1 animate-in\" data-anim-type=\"fade-in-up\" data-anim-delay=\"0\"><span class=\"badge font-weight-bold secondary-font bg-light-opacity-2   \" style=\" \"><span class=\"text-white\" style=\"\">Kurulu\u015f 1986<\/span><\/span><\/h6><\/div>\t\t<\/div>\n\t\t\t\t<\/div>\n\t\t\t\t<div class=\"elementor-element elementor-element-cd49fb9 elementor-widget__width-auto elementor-widget elementor-widget-pix-img\" data-id=\"cd49fb9\" data-element_type=\"widget\" data-widget_type=\"pix-img.default\">\n\t\t\t\t<div class=\"elementor-widget-container\">\n\t\t\t<div class=\"d-inline-block \" ><div class=\"   text-left d-inline-block   rounded-0\"  data-jarallax-element=\" \"><img loading=\"lazy\" class=\"card-img2 pix-img-elem rounded-0  h-1002\" style=\"width:180px;height:auto;\" width=\"411\" height=\"75\" srcset=\"http:\/\/erkintelekom.com.tr\/tr\/wp-content\/uploads\/2021\/03\/erkin-1.png 411w, http:\/\/erkintelekom.com.tr\/tr\/wp-content\/uploads\/2021\/03\/erkin-1-300x55.png 300w\" sizes=\"(max-width: 411px) 100vw, 411px\" src=\"http:\/\/erkintelekom.com.tr\/tr\/wp-content\/uploads\/2021\/03\/erkin-1.png\" alt=\"\" \/><\/div><\/div>\t\t<\/div>\n\t\t\t\t<\/div>\n\t\t\t\t\t<\/div>\n\t\t<\/div>\n\t\t\t\t\t\t\t<\/div>\n\t\t<\/section>\n\t\t\t\t<section class=\"elementor-section elementor-top-section elementor-element elementor-element-49baf859 elementor-section-boxed elementor-section-height-default elementor-section-height-default\" data-id=\"49baf859\" data-element_type=\"section\">\n\t\t\t\t\t\t<div class=\"elementor-container elementor-column-gap-default\">\n\t\t\t\t\t<div class=\"elementor-column elementor-col-100 elementor-top-column elementor-element elementor-element-2c371262\" data-id=\"2c371262\" data-element_type=\"column\">\n\t\t\t<div class=\"elementor-widget-wrap elementor-element-populated\">\n\t\t\t\t\t\t\t\t<section class=\"elementor-section elementor-inner-section elementor-element elementor-element-1e6337d elementor-section-boxed elementor-section-height-default elementor-section-height-default\" data-id=\"1e6337d\" data-element_type=\"section\">\n\t\t\t\t\t\t<div class=\"elementor-container elementor-column-gap-default\">\n\t\t\t\t\t<div class=\"elementor-column elementor-col-25 elementor-inner-column elementor-element elementor-element-53c7f9a\" data-id=\"53c7f9a\" data-element_type=\"column\">\n\t\t\t<div class=\"elementor-widget-wrap elementor-element-populated\">\n\t\t\t\t\t\t\t\t<div class=\"elementor-element elementor-element-31c98a2 elementor-widget__width-inherit elementor-widget elementor-widget-heading\" data-id=\"31c98a2\" data-element_type=\"widget\" data-widget_type=\"heading.default\">\n\t\t\t\t<div class=\"elementor-widget-container\">\n\t\t\t<h6 class=\"elementor-heading-title elementor-size-default\"><a href=\"http:\/\/www.erkintelekom.com.tr\/tr\/hakkimizda\">Hakk\u0131m\u0131zda<\/a><\/h6>\t\t<\/div>\n\t\t\t\t<\/div>\n\t\t\t\t\t<\/div>\n\t\t<\/div>\n\t\t\t\t<div class=\"elementor-column elementor-col-25 elementor-inner-column elementor-element elementor-element-0872df7\" data-id=\"0872df7\" data-element_type=\"column\">\n\t\t\t<div class=\"elementor-widget-wrap elementor-element-populated\">\n\t\t\t\t\t\t\t\t<div class=\"elementor-element elementor-element-bcb02b4 elementor-widget__width-inherit elementor-widget elementor-widget-heading\" data-id=\"bcb02b4\" data-element_type=\"widget\" data-widget_type=\"heading.default\">\n\t\t\t\t<div class=\"elementor-widget-container\">\n\t\t\t<h6 class=\"elementor-heading-title elementor-size-default\"><a href=\"http:\/\/www.erkintelekom.com.tr\/tr\/misyon-ve-vizyon\">Misyon & Vizyon<\/a><\/h6>\t\t<\/div>\n\t\t\t\t<\/div>\n\t\t\t\t\t<\/div>\n\t\t<\/div>\n\t\t\t\t<div class=\"elementor-column elementor-col-25 elementor-inner-column elementor-element elementor-element-8c3017e\" data-id=\"8c3017e\" data-element_type=\"column\">\n\t\t\t<div class=\"elementor-widget-wrap elementor-element-populated\">\n\t\t\t\t\t\t\t\t<div class=\"elementor-element elementor-element-4be48f6 elementor-widget__width-inherit elementor-widget elementor-widget-heading\" data-id=\"4be48f6\" data-element_type=\"widget\" data-widget_type=\"heading.default\">\n\t\t\t\t<div class=\"elementor-widget-container\">\n\t\t\t<h6 class=\"elementor-heading-title elementor-size-default\"><a href=\"http:\/\/www.erkintelekom.com.tr\/tr\/kvkk\">Ki\u015fisel Verileri Koruma<\/a><\/h6>\t\t<\/div>\n\t\t\t\t<\/div>\n\t\t\t\t\t<\/div>\n\t\t<\/div>\n\t\t\t\t<div class=\"elementor-column elementor-col-25 elementor-inner-column elementor-element elementor-element-4b9f811\" data-id=\"4b9f811\" data-element_type=\"column\">\n\t\t\t<div class=\"elementor-widget-wrap elementor-element-populated\">\n\t\t\t\t\t\t\t\t<div class=\"elementor-element elementor-element-0cbfdce elementor-widget__width-inherit elementor-widget elementor-widget-heading\" data-id=\"0cbfdce\" data-element_type=\"widget\" data-widget_type=\"heading.default\">\n\t\t\t\t<div class=\"elementor-widget-container\">\n\t\t\t<h6 class=\"elementor-heading-title elementor-size-default\"><a href=\"http:\/\/www.erkintelekom.com.tr\/tr\/iletisim\">\u0130leti\u015fim<\/a><\/h6>\t\t<\/div>\n\t\t\t\t<\/div>\n\t\t\t\t\t<\/div>\n\t\t<\/div>\n\t\t\t\t\t\t\t<\/div>\n\t\t<\/section>\n\t\t\t\t<div class=\"elementor-element elementor-element-ce38e6b elementor-widget-divider--view-line elementor-widget elementor-widget-divider\" data-id=\"ce38e6b\" data-element_type=\"widget\" data-widget_type=\"divider.default\">\n\t\t\t\t<div class=\"elementor-widget-container\">\n\t\t\t\t\t<div class=\"elementor-divider\">\n\t\t\t<span class=\"elementor-divider-separator\">\n\t\t\t\t\t\t<\/span>\n\t\t<\/div>\n\t\t\t\t<\/div>\n\t\t\t\t<\/div>\n\t\t\t\t<div class=\"elementor-element elementor-element-57901ea elementor-widget elementor-widget-heading\" data-id=\"57901ea\" data-element_type=\"widget\" data-widget_type=\"heading.default\">\n\t\t\t\t<div class=\"elementor-widget-container\">\n\t\t\t<h4 class=\"elementor-heading-title elementor-size-default\">Hakk\u0131m\u0131zda<\/h4>\t\t<\/div>\n\t\t\t\t<\/div>\n\t\t\t\t<div class=\"elementor-element elementor-element-238fef9 elementor-widget elementor-widget-text-editor\" data-id=\"238fef9\" data-element_type=\"widget\" data-widget_type=\"text-editor.default\">\n\t\t\t\t<div class=\"elementor-widget-container\">\n\t\t\t\t\t<div class=\"elementor-text-editor elementor-clearfix\"><\/div>\n\t\t\t\t<\/div>\n\t\t\t\t<\/div>\n\t\t\t\t<div class=\"elementor-element elementor-element-2d4c1a54 elementor-invisible elementor-widget elementor-widget-pix-img\" data-id=\"2d4c1a54\" data-element_type=\"widget\" data-widget_type=\"pix-img.default\">\n\t\t\t\t<div class=\"elementor-widget-container\">\n\t\t\t<div class=\"d-inline-block \" ><div class=\"animate-in  d-inline-block\" data-anim-type=\"fade-in-up\" data-anim-delay=\"0\"><div class=\"   shadow-lg text-left d-inline-block  w-100 rounded-xl\"  data-jarallax-element=\" \"><img loading=\"lazy\" class=\"card-img2 pix-img-elem rounded-xl  h-1002\" style=\"height:auto;\" width=\"1920\" height=\"1080\" srcset=\"http:\/\/erkintelekom.com.tr\/tr\/wp-content\/uploads\/2021\/03\/2234319731-0001.jpg 1920w, http:\/\/erkintelekom.com.tr\/tr\/wp-content\/uploads\/2021\/03\/2234319731-0001-300x169.jpg 300w, http:\/\/erkintelekom.com.tr\/tr\/wp-content\/uploads\/2021\/03\/2234319731-0001-1024x576.jpg 1024w, http:\/\/erkintelekom.com.tr\/tr\/wp-content\/uploads\/2021\/03\/2234319731-0001-768x432.jpg 768w, http:\/\/erkintelekom.com.tr\/tr\/wp-content\/uploads\/2021\/03\/2234319731-0001-1536x864.jpg 1536w\" sizes=\"(max-width: 1920px) 100vw, 1920px\" src=\"http:\/\/erkintelekom.com.tr\/tr\/wp-content\/uploads\/2021\/03\/2234319731-0001.jpg\" alt=\"\" \/><\/div><\/div><\/div>\t\t<\/div>\n\t\t\t\t<\/div>\n\t\t\t\t\t<\/div>\n\t\t<\/div>\n\t\t\t\t\t\t\t<\/div>\n\t\t<\/section>\n\t\t\t\t<section class=\"elementor-section elementor-top-section elementor-element elementor-element-13705a7e elementor-section-stretched elementor-section-full_width elementor-section-height-default elementor-section-height-default\" data-id=\"13705a7e\" data-element_type=\"section\" data-settings=\"{&quot;stretch_section&quot;:&quot;section-stretched&quot;,&quot;background_background&quot;:&quot;classic&quot;}\">\n\t\t\t\t\t\t<div class=\"elementor-container elementor-column-gap-no\">\n\t\t\t\t\t<div class=\"elementor-column elementor-col-100 elementor-top-column elementor-element elementor-element-6eca780a\" data-id=\"6eca780a\" data-element_type=\"column\">\n\t\t\t<div class=\"elementor-widget-wrap elementor-element-populated\">\n\t\t\t\t\t\t\t\t<div class=\"elementor-element elementor-element-30ad84bb elementor-widget elementor-widget-pix-dividers\" data-id=\"30ad84bb\" data-element_type=\"widget\" data-widget_type=\"pix-dividers.default\">\n\t\t\t\t<div class=\"elementor-widget-container\">\n\t\t\t<div class=\"pix-divider  position-relative pix-bottom-divider\" data-style=\"style-19\" style=\"bottom:-1px;\"><svg xmlns=\"http:\/\/www.w3.org\/2000\/svg\" width=\"100%\" height=\"500px\" viewBox=\"0 0 1200 415\" preserveAspectRatio=\"none\"><g class=\"animate-in\" data-anim-type=\"fade-in-up\" data-anim-delay=\"200\"><path fill=\"url(#divider-pix-accordion-558701-bottom-overlay-layer-3)\" d=\"M5.68434189e-13,292.788567 C80.6666667,271.41188 159.333333,260.723537 236,260.723537 C421,260.723537 525,344.759008 670,273.729027 C788.879994,215.494242 940.849865,-5.02123357 1200,0.788566864 C1200,33.4552335 1200,171.525711 1200,415 L9.19819776e-13,414.788567 L5.68434189e-13,292.788567 Z\" \/><\/g><g class=\"animate-in\" data-anim-type=\"fade-in-up\" data-anim-delay=\"0\"><path fill=\"url(#divider-pix-accordion-558701-bottom-overlay-layer-2)\" d=\"M2.08355555e-12,332.788567 C80.6666667,284.745214 159.333333,260.723537 236,260.723537 C421,260.723537 525,344.759008 670,273.729027 C789.08369,215.39446 940.387018,21.5609115 1200,37.7885669 C1200,55.7885669 1200,181.525711 1200,415 L1.8189894e-12,414.788567 L2.08355555e-12,332.788567 Z\"  \/><\/g><path fill=\"#ffffff\" d=\"M9.09494702e-13,373.771254 C80.6666667,298.406109 159.333333,260.723537 236,260.723537 C421,260.723537 525,344.759008 670,273.729027 C789.088175,215.392262 940.369069,48.85905 1200,74.7885669 C1200,148.788567 1200,262.192378 1200,415 L1.0227342e-12,414.788567 L9.09494702e-13,373.771254 Z\"\/><defs><linearGradient id=\"divider-pix-accordion-558701-bottom-overlay-layer-3\" x1=\"0%\" y1=\"0%\" x2=\"100%\" y2=\"0%\"><stop offset=\"0%\"   stop-color=\"#E9ECEF\"\/><stop offset=\"100%\"   stop-color=\"#DEE2E6\"\/><\/linearGradient><linearGradient id=\"divider-pix-accordion-558701-bottom-overlay-layer-2\" x1=\"0%\" y1=\"0%\" x2=\"100%\" y2=\"0%\"><stop offset=\"0%\"   stop-color=\"rgba(255, 255, 255, 0.7)\"\/><stop offset=\"100%\"   stop-color=\"rgba(255, 255, 255, 0.7)\"\/><\/linearGradient><\/defs><\/svg><\/div>\t\t<\/div>\n\t\t\t\t<\/div>\n\t\t\t\t\t<\/div>\n\t\t<\/div>\n\t\t\t\t\t\t\t<\/div>\n\t\t<\/section>\n\t\t\t\t<section class=\"elementor-section elementor-top-section elementor-element elementor-element-53ac0414 elementor-section-stretched elementor-section-boxed elementor-section-height-default elementor-section-height-default\" data-id=\"53ac0414\" data-element_type=\"section\" data-settings=\"{&quot;stretch_section&quot;:&quot;section-stretched&quot;,&quot;background_background&quot;:&quot;classic&quot;}\">\n\t\t\t\t\t\t<div class=\"elementor-container elementor-column-gap-default\">\n\t\t\t\t\t<div class=\"elementor-column elementor-col-33 elementor-top-column elementor-element elementor-element-600ab2fb\" data-id=\"600ab2fb\" data-element_type=\"column\">\n\t\t\t<div class=\"elementor-widget-wrap elementor-element-populated\">\n\t\t\t\t\t\t\t\t<div class=\"elementor-element elementor-element-66531407 elementor-invisible elementor-widget elementor-widget-pix-img\" data-id=\"66531407\" data-element_type=\"widget\" data-widget_type=\"pix-img.default\">\n\t\t\t\t<div class=\"elementor-widget-container\">\n\t\t\t<div class=\"d-inline-block \" ><div class=\"animate-in  d-inline-block\" data-anim-type=\"fade-in-up\" data-anim-delay=\"200\"><div class=\"   text-left d-inline-block  w-100 rounded-xl\"  data-jarallax-element=\" \"><img loading=\"lazy\" class=\"card-img2 pix-img-elem rounded-xl  h-1002\" style=\"height:auto;\" width=\"906\" height=\"1041\" srcset=\"http:\/\/erkintelekom.com.tr\/tr\/wp-content\/uploads\/2021\/03\/ipecs-mg_1.png 906w, http:\/\/erkintelekom.com.tr\/tr\/wp-content\/uploads\/2021\/03\/ipecs-mg_1-261x300.png 261w, http:\/\/erkintelekom.com.tr\/tr\/wp-content\/uploads\/2021\/03\/ipecs-mg_1-891x1024.png 891w, http:\/\/erkintelekom.com.tr\/tr\/wp-content\/uploads\/2021\/03\/ipecs-mg_1-768x882.png 768w\" sizes=\"(max-width: 906px) 100vw, 906px\" src=\"http:\/\/erkintelekom.com.tr\/tr\/wp-content\/uploads\/2021\/03\/ipecs-mg_1.png\" alt=\"\" \/><\/div><\/div><\/div>\t\t<\/div>\n\t\t\t\t<\/div>\n\t\t\t\t<div class=\"elementor-element elementor-element-54a46adf elementor-invisible elementor-widget elementor-widget-pix-img\" data-id=\"54a46adf\" data-element_type=\"widget\" data-widget_type=\"pix-img.default\">\n\t\t\t\t<div class=\"elementor-widget-container\">\n\t\t\t<div class=\"d-inline-block \" ><div class=\"animate-in  d-inline-block\" data-anim-type=\"fade-in-up\" data-anim-delay=\"600\"><div class=\"   text-left d-inline-block  w-100 rounded-xl\"  data-jarallax-element=\" \"><img loading=\"lazy\" class=\"card-img2 pix-img-elem rounded-xl  h-1002\" style=\"height:auto;\" width=\"600\" height=\"600\" srcset=\"http:\/\/erkintelekom.com.tr\/tr\/wp-content\/uploads\/2021\/03\/tesgoftmain_1.png 600w, http:\/\/erkintelekom.com.tr\/tr\/wp-content\/uploads\/2021\/03\/tesgoftmain_1-300x300.png 300w, http:\/\/erkintelekom.com.tr\/tr\/wp-content\/uploads\/2021\/03\/tesgoftmain_1-150x150.png 150w, http:\/\/erkintelekom.com.tr\/tr\/wp-content\/uploads\/2021\/03\/tesgoftmain_1-400x400.png 400w, http:\/\/erkintelekom.com.tr\/tr\/wp-content\/uploads\/2021\/03\/tesgoftmain_1-75x75.png 75w, http:\/\/erkintelekom.com.tr\/tr\/wp-content\/uploads\/2021\/03\/tesgoftmain_1-460x460.png 460w\" sizes=\"(max-width: 600px) 100vw, 600px\" src=\"http:\/\/erkintelekom.com.tr\/tr\/wp-content\/uploads\/2021\/03\/tesgoftmain_1.png\" alt=\"\" \/><\/div><\/div><\/div>\t\t<\/div>\n\t\t\t\t<\/div>\n\t\t\t\t\t<\/div>\n\t\t<\/div>\n\t\t\t\t<div class=\"elementor-column elementor-col-33 elementor-top-column elementor-element elementor-element-5a79b36f\" data-id=\"5a79b36f\" data-element_type=\"column\">\n\t\t\t<div class=\"elementor-widget-wrap elementor-element-populated\">\n\t\t\t\t\t\t\t\t<div class=\"elementor-element elementor-element-45f36d59 elementor-invisible elementor-widget elementor-widget-pix-img\" data-id=\"45f36d59\" data-element_type=\"widget\" data-widget_type=\"pix-img.default\">\n\t\t\t\t<div class=\"elementor-widget-container\">\n\t\t\t<div class=\"d-inline-block \" ><div class=\"animate-in  d-inline-block\" data-anim-type=\"fade-in-up\" data-anim-delay=\"200\"><div class=\"   text-left d-inline-block  w-100 rounded-xl\"  data-jarallax-element=\" \"><img loading=\"lazy\" class=\"card-img2 pix-img-elem rounded-xl  h-1002\" style=\"height:auto;\" width=\"385\" height=\"479\" srcset=\"http:\/\/erkintelekom.com.tr\/tr\/wp-content\/uploads\/2021\/03\/tesgoftmain_3-1.png 385w, http:\/\/erkintelekom.com.tr\/tr\/wp-content\/uploads\/2021\/03\/tesgoftmain_3-1-241x300.png 241w\" sizes=\"(max-width: 385px) 100vw, 385px\" src=\"http:\/\/erkintelekom.com.tr\/tr\/wp-content\/uploads\/2021\/03\/tesgoftmain_3-1.png\" alt=\"\" \/><\/div><\/div><\/div>\t\t<\/div>\n\t\t\t\t<\/div>\n\t\t\t\t<div class=\"elementor-element elementor-element-129cee81 elementor-invisible elementor-widget elementor-widget-pix-img\" data-id=\"129cee81\" data-element_type=\"widget\" data-widget_type=\"pix-img.default\">\n\t\t\t\t<div class=\"elementor-widget-container\">\n\t\t\t<div class=\"d-inline-block \" ><div class=\"animate-in  d-inline-block\" data-anim-type=\"fade-in-up\" data-anim-delay=\"600\"><div class=\"   text-left d-inline-block  w-100 rounded-xl\"  data-jarallax-element=\" \"><img loading=\"lazy\" class=\"card-img2 pix-img-elem rounded-xl  h-1002\" style=\"height:auto;\" width=\"532\" height=\"570\" srcset=\"http:\/\/erkintelekom.com.tr\/tr\/wp-content\/uploads\/2021\/03\/hikvisionlogo-1.png 532w, http:\/\/erkintelekom.com.tr\/tr\/wp-content\/uploads\/2021\/03\/hikvisionlogo-1-280x300.png 280w\" sizes=\"(max-width: 532px) 100vw, 532px\" src=\"http:\/\/erkintelekom.com.tr\/tr\/wp-content\/uploads\/2021\/03\/hikvisionlogo-1.png\" alt=\"\" \/><\/div><\/div><\/div>\t\t<\/div>\n\t\t\t\t<\/div>\n\t\t\t\t\t<\/div>\n\t\t<\/div>\n\t\t\t\t<div class=\"elementor-column elementor-col-33 elementor-top-column elementor-element elementor-element-3fc329b4\" data-id=\"3fc329b4\" data-element_type=\"column\">\n\t\t\t<div class=\"elementor-widget-wrap elementor-element-populated\">\n\t\t\t\t\t\t\t\t<div class=\"elementor-element elementor-element-726f5534 elementor-invisible elementor-widget elementor-widget-pix-badge\" data-id=\"726f5534\" data-element_type=\"widget\" data-widget_type=\"pix-badge.default\">\n\t\t\t\t<div class=\"elementor-widget-container\">\n\t\t\t<div class=\"pix-element-div w-100 text-center\"><h6 class=\"d-inline-block mr-1 animate-in\" data-anim-type=\"fade-in-up\" data-anim-delay=\"0\"><span class=\"badge font-weight-bold secondary-font bg-gray-2   \" style=\" \"><span class=\"text-heading-default\" style=\"\">Erkin Telekom Kalitesi \u0130le...<\/span><\/span><\/h6><\/div>\t\t<\/div>\n\t\t\t\t<\/div>\n\t\t\t\t<div class=\"elementor-element elementor-element-2f6c9960 elementor-widget elementor-widget-pix-sliding-text\" data-id=\"2f6c9960\" data-element_type=\"widget\" data-widget_type=\"pix-sliding-text.default\">\n\t\t\t\t<div class=\"elementor-widget-container\">\n\t\t\t<div class=\"mb-3 text-center \"><div class=\"d-inline-block\" style=\"max-width:500px;\"><h2 class=\"mb-32 pix-sliding-headline font-weight-bold body-font\" data-class=\"body-font text-heading-default\" data-style=\"\">Hizmetlerimiz<\/h2><\/div><\/div>\t\t<\/div>\n\t\t\t\t<\/div>\n\t\t\t\t<div class=\"elementor-element elementor-element-64260cd7 elementor-invisible elementor-widget elementor-widget-pix-text\" data-id=\"64260cd7\" data-element_type=\"widget\" data-widget_type=\"pix-text.default\">\n\t\t\t\t<div class=\"elementor-widget-container\">\n\t\t\t<div class=\"slide-in-container w-100 text-center \" ><p class=\"text-18 m-0  text-center \" ><span class=\"animate-in d-inline-block\" data-anim-delay=\"400\" data-anim-type=\"fade-in-up\">Ericsson-LG Santrak Sistemleri, G\u00fcvenlik Sistemleri, Network \u00c7\u00f6z\u00fcmleri, Kablosuz \u00c7\u00f6z\u00fcmler, Termal Kamera \u00c7z\u00f6\u00fcmleri, Tegsoft \u00c7a\u011fr\u0131 Merkezi, Yang\u0131n Alarm Sistemleri<\/span><\/p><\/div>\t\t<\/div>\n\t\t\t\t<\/div>\n\t\t\t\t<div class=\"elementor-element elementor-element-2f272760 elementor-invisible elementor-widget elementor-widget-pix-clients\" data-id=\"2f272760\" data-element_type=\"widget\" data-widget_type=\"pix-clients.default\">\n\t\t\t\t<div class=\"elementor-widget-container\">\n\t\t\t<div class=\"clients row  \"><div class=\"clearfix w-100 col-12\"><\/div><div class=\"col-md col-12 -3  text-center client2 d-inline-block2 d-inline-flex client\"><div class=\"py-3 d-inline-block align-self-center w-100\" title=\"\"><img src=\"\"   class=\"animate-in\" alt=\"\" data-anim-type=\"fade-in-Img\" data-anim-delay=\"200\"><\/div><\/div><div class=\"col-md col-12 -3  text-center client2 d-inline-block2 d-inline-flex client\"><div class=\"py-3 d-inline-block align-self-center w-100\" title=\"\"><img src=\"\"   class=\"animate-in\" alt=\"\" data-anim-type=\"fade-in-Img\" data-anim-delay=\"400\"><\/div><\/div><div class=\"col-md col-12 -3  text-center client2 d-inline-block2 d-inline-flex client\"><div class=\"py-3 d-inline-block align-self-center w-100\" title=\"\"><img src=\"\"   class=\"animate-in\" alt=\"\" data-anim-type=\"fade-in-Img\" data-anim-delay=\"600\"><\/div><\/div><\/div>\n\t\t<\/div>\n\t\t\t\t<\/div>\n\t\t\t\t<div class=\"elementor-element elementor-element-1499de2c elementor-invisible elementor-widget elementor-widget-pix-img\" data-id=\"1499de2c\" data-element_type=\"widget\" data-widget_type=\"pix-img.default\">\n\t\t\t\t<div class=\"elementor-widget-container\">\n\t\t\t<div class=\"pix-img-div  text-center\"><div class=\"animate-in  d-inline-block\" data-anim-type=\"fade-in-up\" data-anim-delay=\"200\"><div class=\"   text-left d-inline-block   rounded-lg\"  data-jarallax-element=\" \"><img loading=\"lazy\" class=\"card-img2 pix-img-elem rounded-lg  h-1002\" style=\"width:180px;height:auto;\" width=\"1182\" height=\"558\" srcset=\"http:\/\/erkintelekom.com.tr\/tr\/wp-content\/uploads\/2021\/03\/Tegsoft_PartnerLogo_Sales.png 1182w, http:\/\/erkintelekom.com.tr\/tr\/wp-content\/uploads\/2021\/03\/Tegsoft_PartnerLogo_Sales-300x142.png 300w, http:\/\/erkintelekom.com.tr\/tr\/wp-content\/uploads\/2021\/03\/Tegsoft_PartnerLogo_Sales-1024x483.png 1024w, http:\/\/erkintelekom.com.tr\/tr\/wp-content\/uploads\/2021\/03\/Tegsoft_PartnerLogo_Sales-768x363.png 768w\" sizes=\"(max-width: 1182px) 100vw, 1182px\" src=\"http:\/\/erkintelekom.com.tr\/tr\/wp-content\/uploads\/2021\/03\/Tegsoft_PartnerLogo_Sales.png\" alt=\"\" \/><\/div><\/div><\/div>\t\t<\/div>\n\t\t\t\t<\/div>\n\t\t\t\t\t<\/div>\n\t\t<\/div>\n\t\t\t\t\t\t\t<\/div>\n\t\t<\/section>\n\t\t\t\t<section class=\"elementor-section elementor-top-section elementor-element elementor-element-1ec392f5 elementor-section-stretched elementor-section-full_width elementor-section-height-default elementor-section-height-default\" data-id=\"1ec392f5\" data-element_type=\"section\" data-settings=\"{&quot;stretch_section&quot;:&quot;section-stretched&quot;}\">\n\t\t\t\t\t\t<div class=\"elementor-container elementor-column-gap-no\">\n\t\t\t\t\t<div class=\"elementor-column elementor-col-100 elementor-top-column elementor-element elementor-element-276c8098\" data-id=\"276c8098\" data-element_type=\"column\">\n\t\t\t<div class=\"elementor-widget-wrap\">\n\t\t\t\t\t\t\t\t\t<\/div>\n\t\t<\/div>\n\t\t\t\t\t\t\t<\/div>\n\t\t<\/section>\n\t\t\t\t\t\t<\/div>\n\t\t\t\t\t<\/div>\n\t\t","protected":false},"excerpt":{"rendered":"Erkin Telekom Kurulu\u015f 1986 Hakk\u0131m\u0131zda Misyon &#038; Vizyon Ki\u015fisel Verileri Koruma \u0130leti\u015fim Hakk\u0131m\u0131zda Erkin Telekom Kalitesi \u0130le&#8230; Hizmetlerimiz Ericsson-LG Santrak Sistemleri, G\u00fcvenlik Sistemleri, Network \u00c7\u00f6z\u00fcmleri, Kablosuz \u00c7\u00f6z\u00fcmler, Termal Kamera \u00c7z\u00f6\u00fcmleri, Tegsoft \u00c7a\u011fr\u0131 Merkezi, Yang\u0131n Alarm Sistemleri","protected":false},"author":1,"featured_media":0,"parent":0,"menu_order":0,"comment_status":"closed","ping_status":"closed","template":"","meta":[],"_links":{"self":[{"href":"http:\/\/erkintelekom.com.tr\/tr\/wp-json\/wp\/v2\/pages\/13422"}],"collection":[{"href":"http:\/\/erkintelekom.com.tr\/tr\/wp-json\/wp\/v2\/pages"}],"about":[{"href":"http:\/\/erkintelekom.com.tr\/tr\/wp-json\/wp\/v2\/types\/page"}],"author":[{"embeddable":true,"href":"http:\/\/erkintelekom.com.tr\/tr\/wp-json\/wp\/v2\/users\/1"}],"replies":[{"embeddable":true,"href":"http:\/\/erkintelekom.com.tr\/tr\/wp-json\/wp\/v2\/comments?post=13422"}],"version-history":[{"count":90,"href":"http:\/\/erkintelekom.com.tr\/tr\/wp-json\/wp\/v2\/pages\/13422\/revisions"}],"predecessor-version":[{"id":14192,"href":"http:\/\/erkintelekom.com.tr\/tr\/wp-json\/wp\/v2\/pages\/13422\/revisions\/14192"}],"wp:attachment":[{"href":"http:\/\/erkintelekom.com.tr\/tr\/wp-json\/wp\/v2\/media?parent=13422"}],"curies":[{"name":"wp","href":"https:\/\/api.w.org\/{rel}","templated":true}]}}